{"id":5914,"date":"2018-11-04T12:12:51","date_gmt":"2018-11-04T12:12:51","guid":{"rendered":"http:\/\/foxphoto.de\/?page_id=5914"},"modified":"2025-12-29T11:02:24","modified_gmt":"2025-12-29T11:02:24","slug":"home","status":"publish","type":"page","link":"https:\/\/foxphoto.de\/","title":{"rendered":"Home"},"content":{"rendered":"<!-- wp:themify-builder\/canvas \/-->","protected":false},"excerpt":{"rendered":"","protected":false},"author":1,"featured_media":0,"parent":0,"menu_order":0,"comment_status":"closed","ping_status":"closed","template":"","meta":{"jetpack_post_was_ever_published":false,"footnotes":""},"class_list":["post-5914","page","type-page","status-publish","hentry","has-post-title","has-post-date","has-post-category","has-post-tag","has-post-comment","has-post-author",""],"jetpack_sharing_enabled":true,"jetpack_shortlink":"https:\/\/wp.me\/P5bR1o-1xo","builder_content":"\n<p>Sport<\/p> <p style=\"text-align: center;\">\u00a0<\/p>\n<img src=\"http:\/\/foxphoto.de\/wp-content\/uploads\/2014\/02\/20090426-IMGL9416\u00a9foxphoto_de.jpg\" width=\"600\" height=\"400\" title=\"Fliegendes Pferd \" alt=\"Fliegendes Pferd \"> <h3> Fliegendes Pferd <\/h3>\n<img src=\"http:\/\/foxphoto.de\/wp-content\/uploads\/2015\/10\/Bayer-Giants-Gladiators-Trier-\u00a9foxphoto_de-C_Fuchs_0970-e1445799370615.jpg\" width=\"600\" height=\"400\" title=\"Basketball\" alt=\"Basketball\"> <h3> Basketball <\/h3>\n<a href=\"https:\/\/themify.me\/demo\/themes\/ultra\/\"> <img src=\"http:\/\/foxphoto.de\/wp-content\/uploads\/2022\/01\/IMGL6324.jpg\" width=\"600\" height=\"400\" title=\"Hochsprung\" alt=\"Hochsprung\"> <\/a> <h3> <a href=\"https:\/\/themify.me\/demo\/themes\/ultra\/\"> Hochsprung <\/a> <\/h3>\n<img src=\"http:\/\/foxphoto.de\/wp-content\/uploads\/2014\/11\/Bayer-Giants-ProA-2014-2015\u00a9Foxphoto-e1415429471274.jpg\" width=\"600\" height=\"400\" title=\"Mannschaftsfoto Saison 2014-2015\" alt=\"Mannschaftsfoto Saison 2014-2015\"> <h3> Mannschaftsfoto Saison 2014-2015 <\/h3>\n<img src=\"http:\/\/foxphoto.de\/wp-content\/uploads\/2022\/01\/IMGM0014.jpg\" width=\"600\" height=\"900\" title=\"K\u00f6nig-Ludwig-Lauf\" alt=\"K\u00f6nig-Ludwig-Lauf\"> <h3> K\u00f6nig-Ludwig-Lauf <\/h3>\n<p>Best of V\u00f6gel<\/p> <p style=\"text-align: center;\">\u00a0<\/p>\n<img src=\"http:\/\/foxphoto.de\/wp-content\/uploads\/2014\/07\/abgehoben@foxphoto_de.jpg\" width=\"600\" height=\"400\" title=\"Abflug\" alt=\"Abflug\"> <h3> Abflug <\/h3>\n<img src=\"http:\/\/foxphoto.de\/wp-content\/uploads\/2018\/11\/IMGL4295.jpg\" width=\"600\" height=\"900\" title=\"Aaaaaaa ....\" alt=\"Aaaaaaa ....\"> <h3> Aaaaaaa .... <\/h3>\n<img src=\"http:\/\/foxphoto.de\/wp-content\/uploads\/2018\/11\/IMGL0554.jpg\" width=\"600\" height=\"400\" title=\"was zum Geier \" alt=\"was zum Geier \"> <h3> was zum Geier <\/h3>\n<img src=\"http:\/\/foxphoto.de\/wp-content\/uploads\/2018\/11\/IMGL0403.jpg\" width=\"600\" height=\"400\" title=\"Adlerkopf\" alt=\"Adlerkopf\"> <h3> Adlerkopf <\/h3>\n<img src=\"http:\/\/foxphoto.de\/wp-content\/uploads\/2018\/11\/IMGL6924.jpg\" width=\"600\" height=\"400\" title=\"Landung\" alt=\"Landung\"> <h3> Landung <\/h3>\n<p>Best of HDR<\/p> <p style=\"text-align: center;\">\u00a0<\/p>\n<img src=\"http:\/\/foxphoto.de\/wp-content\/uploads\/2015\/01\/Nauticmuseum-watermark_fb.jpg\" width=\"600\" height=\"400\" title=\"Nautic Museum - Hamburg - HDR\" alt=\"Nautic Museum - Hamburg - HDR\"> <h3> Nautic Museum - Hamburg - HDR <\/h3>\n<img src=\"http:\/\/foxphoto.de\/wp-content\/uploads\/2018\/11\/bruecke.jpg\" width=\"600\" height=\"900\" title=\"Br\u00fccke - Ludwigshafen - HDR\" alt=\"Br\u00fccke - Ludwigshafen - HDR\"> <h3> Br\u00fccke - Ludwigshafen - HDR <\/h3>\n<img src=\"http:\/\/foxphoto.de\/wp-content\/uploads\/2015\/01\/SchlossMorsbroich.jpg\" width=\"600\" height=\"400\" title=\"Schloss Morsbroich - Leverkusen - HDR\" alt=\"Schloss Morsbroich - Leverkusen - HDR\"> <h3> Schloss Morsbroich - Leverkusen - HDR <\/h3>\n<img src=\"http:\/\/foxphoto.de\/wp-content\/uploads\/2014\/11\/LaPaDu-14.-Juni-2014-\u00a9foxphoto.de-0095-e1541335899869.jpg\" width=\"600\" height=\"400\" title=\"LaPaDu HDR\" alt=\"LaPaDu HDR\"> <h3> LaPaDu HDR <\/h3>\n<img src=\"http:\/\/foxphoto.de\/wp-content\/uploads\/2014\/02\/Haus-der-Photographie-e1541328686419.jpg\" width=\"600\" height=\"400\" title=\"Deichtorhallen - Hamburg - HDR \" alt=\"Deichtorhallen - Hamburg - HDR \"> <h3> Deichtorhallen - Hamburg - HDR <\/h3>\n<p>Best of 2021<\/p> <p style=\"text-align: center;\">\u00a0<\/p>\n<img src=\"http:\/\/foxphoto.de\/wp-content\/uploads\/2022\/01\/IMG_4111-scaled.jpg\" width=\"600\" height=\"400\" title=\"Under the Bridge - Storeb\u00e6ltsbroen 2021\" alt=\"Under the Bridge - Storeb\u00e6ltsbroen 2021\"> <h3> Under the Bridge - Storeb\u00e6ltsbroen 2021 <\/h3>\n<img src=\"http:\/\/foxphoto.de\/wp-content\/uploads\/2022\/01\/20211110-IMG_0304-scaled.jpg\" width=\"600\" height=\"400\" title=\"Eindhoven GLOW\" alt=\"Eindhoven GLOW\"> <h3> Eindhoven GLOW <\/h3>\n<img src=\"http:\/\/foxphoto.de\/wp-content\/uploads\/2022\/01\/25Sept.2021-0017-scaled.jpg\" width=\"600\" height=\"900\" title=\"Klidinger Wasserfall\" alt=\"Klidinger Wasserfall\"> <h3> Klidinger Wasserfall <\/h3>\n<img src=\"http:\/\/foxphoto.de\/wp-content\/uploads\/2022\/01\/IMG_0881-scaled.jpg\" width=\"600\" height=\"400\" title=\"Freeclimber Bug\" alt=\"Freeclimber Bug\"> <h3> Freeclimber Bug <\/h3>\n<img src=\"http:\/\/foxphoto.de\/wp-content\/uploads\/2022\/01\/IMG_3635-scaled.jpg\" width=\"600\" height=\"900\" title=\"Tour Eiffel\" alt=\"Tour Eiffel\"> <h3> Tour Eiffel <\/h3>\n<img src=\"http:\/\/foxphoto.de\/wp-content\/uploads\/2022\/01\/20211030-IMG_0209-scaled.jpg\" width=\"600\" height=\"400\" title=\"Pf\u00e4lzer Wald\" alt=\"Pf\u00e4lzer Wald\"> <h3> Pf\u00e4lzer Wald <\/h3>\n<p>Best of 2022<\/p> <p style=\"text-align: center;\">\u00a0<\/p>\n<img src=\"http:\/\/foxphoto.de\/wp-content\/uploads\/2024\/11\/20220716-IMG_8917-scaled.jpg\" width=\"600\" height=\"400\" title=\"Sonnenblumen\" alt=\"Sonnenblumen\"> <h3> Sonnenblumen <\/h3>\n<img src=\"http:\/\/foxphoto.de\/wp-content\/uploads\/2024\/11\/20220717-IMG_0377-Verbessert-RR-scaled.jpg\" width=\"600\" height=\"900\" title=\"Milky Way\" alt=\"Milky Way\"> <h3> Milky Way <\/h3>\n<img src=\"http:\/\/foxphoto.de\/wp-content\/uploads\/2024\/11\/20220609-IMG_3916-scaled.jpg\" width=\"600\" height=\"400\" title=\"Flieder\" alt=\"Flieder\"> <h3> Flieder <\/h3>\n<img src=\"http:\/\/foxphoto.de\/wp-content\/uploads\/2024\/11\/20221022-IMG_0464-scaled.jpg\" width=\"600\" height=\"400\" title=\"weiches Wasser\" alt=\"weiches Wasser\"> <h3> weiches Wasser <\/h3>\n<img src=\"http:\/\/foxphoto.de\/wp-content\/uploads\/2024\/11\/unbenannt-0362-scaled.jpg\" width=\"600\" height=\"400\" title=\"D\u00fcsseldorf Medienhafen\" alt=\"D\u00fcsseldorf Medienhafen\"> <h3> D\u00fcsseldorf Medienhafen <\/h3>\n<p>Best of 2023 \/ Porto 2023<\/p> <p style=\"text-align: center;\">\u00a0<\/p>\n<img src=\"http:\/\/foxphoto.de\/wp-content\/uploads\/2024\/11\/20230909-IMG_1423-Verbessert-RR-scaled.jpg\" width=\"600\" height=\"900\" title=\"Milchstrasse Hohes Venn\" alt=\"Milchstrasse Hohes Venn\"> <h3> Milchstrasse Hohes Venn <\/h3>\n<img src=\"http:\/\/foxphoto.de\/wp-content\/uploads\/2024\/11\/20230507-IMG_1227-HDR-scaled.jpg\" width=\"600\" height=\"400\" title=\"Sonnenuntergang \u00fcber dem Douro \/ Porto\" alt=\"Sonnenuntergang \u00fcber dem Douro \/ Porto\"> <h3> Sonnenuntergang \u00fcber dem Douro \/ Porto <\/h3>\n<img src=\"http:\/\/foxphoto.de\/wp-content\/uploads\/2024\/11\/20230508-IMG_1250-HDR-scaled.jpg\" width=\"600\" height=\"400\" title=\"Porto bei Nacht\" alt=\"Porto bei Nacht\"> <h3> Porto bei Nacht <\/h3>\n<img src=\"http:\/\/foxphoto.de\/wp-content\/uploads\/2024\/11\/IMG_0967-scaled.jpg\" width=\"600\" height=\"400\" title=\"Douro \/ Porto\" alt=\"Douro \/ Porto\"> <h3> Douro \/ Porto <\/h3>\n<img src=\"http:\/\/foxphoto.de\/wp-content\/uploads\/2024\/11\/20230909-IMG_1417-Verbessert-RR-scaled.jpg\" width=\"600\" height=\"400\" title=\"Sonnenuntergang Hohes Venn\" alt=\"Sonnenuntergang Hohes Venn\"> <h3> Sonnenuntergang Hohes Venn <\/h3>\n<img src=\"http:\/\/foxphoto.de\/wp-content\/uploads\/2024\/11\/20230508-IMG_1303-scaled.jpg\" width=\"600\" height=\"900\" title=\"Farolim de Felgueiras - Porto\" alt=\"Farolim de Felgueiras - Porto\"> <h3> Farolim de Felgueiras - Porto <\/h3>\n<img src=\"http:\/\/foxphoto.de\/wp-content\/uploads\/2024\/11\/20230508-IMG_1266-HDR-scaled.jpg\" width=\"600\" height=\"400\" title=\"Douro bei Nacht von der Ponte Dom Lu\u00eds I\" alt=\"Douro bei Nacht von der Ponte Dom Lu\u00eds I\"> <h3> Douro bei Nacht von der Ponte Dom Lu\u00eds I <\/h3>\n<img src=\"http:\/\/foxphoto.de\/wp-content\/uploads\/2024\/11\/IMG_0953-scaled.jpg\" width=\"600\" height=\"400\" title=\"Porto von Telef\u00e9rico de Gaia\" alt=\"Porto von Telef\u00e9rico de Gaia\"> <h3> Porto von Telef\u00e9rico de Gaia <\/h3>\n<p>Best of ...<\/p> <p style=\"text-align: center;\">\u00a0<\/p>\n<img src=\"http:\/\/foxphoto.de\/wp-content\/uploads\/2020\/05\/Duesseldorf07-3371-1.jpg\" width=\"600\" height=\"400\" title=\"Home\" alt=\"Home\">\n<img src=\"http:\/\/foxphoto.de\/wp-content\/uploads\/2018\/11\/GSR2016-3030-Bearbeitet-e1541340877892.jpg\" width=\"600\" height=\"400\" title=\"Home\" alt=\"Home\">\n<img src=\"http:\/\/foxphoto.de\/wp-content\/uploads\/2018\/11\/20151208-5198-e1541340897254.jpg\" width=\"600\" height=\"400\" title=\"Home\" alt=\"Home\">\n<img src=\"http:\/\/foxphoto.de\/wp-content\/uploads\/2018\/11\/MuelheimerBruecke-e1541340837615.jpg\" width=\"600\" height=\"400\" title=\"Home\" alt=\"Home\">\n<img src=\"http:\/\/foxphoto.de\/wp-content\/uploads\/2018\/11\/Tante-JU-6199-e1541340847244.jpg\" width=\"600\" height=\"400\" title=\"Home\" alt=\"Home\">\n<img src=\"http:\/\/foxphoto.de\/wp-content\/uploads\/2016\/01\/20151010-2913-e1541328609121.jpg\" width=\"600\" height=\"400\" title=\"Home\" alt=\"Home\">\n<p>Instagram<\/p> <p style=\"text-align: center;\">&nbsp;<\/p>\n\n<h3>About<\/h3> <p><strong>Die ersten Schritte \u2026<\/strong><\/p> <p>Wie es genau anfing, kann gar nicht mehr sagen, aber irgendwie habe ich mich schon immer f\u00fcrs Fotografieren interessiert.<br>Eine kleine, orange Ritsch-Ratsch Kamera, von Agfa denke ich, war als ich noch j\u00fcnger war mein erster, eigener Fotoapparat und damit hatte ich schon jede Menge geknipst.<br>Als ich dann auf eigenen Beinen stand kam der Wunsch nach einer SLR Kamera und ich musste mich entscheiden zwischen Nikon und Canon, was ja bekanntlich nie so ganz einfach ist.<br>Entschieden habe ich mich dann nach langem intensiven Studium von Fachzeitschriften f\u00fcr Canon und ich muss sagen das ich diese Entscheidung bis heute nicht bereut haben.<br>Es wurde also eine Canon EOS 50E, die zweite Kamera von Canon mit der tollen Augensteuerung (ja ich bin fasziniert von diesem Gimmick) mit einem Setobjektiv (jeder f\u00e4ngt mal klein an)<br>Schnell war das aber nicht genug und es wurde ein 75-300 USM dazu geholt und au\u00dferdem noch ein Metz-Blitz. Damit habe ich dann jede Menge fotografiert. (Hochzeiten von Freunden und Bekannten usw.)<\/p> <p><strong>\u2026 das digitale Zeitalter \u2026<\/strong><\/p> <p>Dann kam das digitale Zeitalter und wieder stand ich vor der Entscheidung Canon oder Nikon.<br>Trotz meiner Liebe zu Canon war meine erste Digitalkamera eine Nikon Coolpix950. So was hatte Canon damals irgendwie nicht zu bieten. Ich war auch im gro\u00dfen und ganzen Zufrieden mit dem Kamera nur waren die Eingriffsm\u00f6glichkeiten wie bei einer SLR nat\u00fcrlich nicht geben.<br>Die 950 wurde von einer Coolpix5700 ersetzt (ja wieder Nikon), welche sich wenigsten in etwa wie eine SLR anf\u00fchlte. Aber der Wunsch nach einer Canon Digital SLR wurde immer gr\u00f6\u00dfer, also wurde die 5700 nach langem z\u00f6gern gegen eine EOS10D ersetzt. Und das war das beste ( jetzt Fotografietechnisch ) was mir passiert ist. Man was f\u00fcr eine Kamera, nicht zu vergleichen mit den Knipsen die ich vorher hatte.<\/p> <p><strong>\u2026 hier und jetzt \u2026<\/strong><\/p> <p>Canon EOS System mit verschiedenen lichtstarken L-Objektiven und Zubeh\u00f6r.<\/p>\n<p><strong>Fotografische Ausrichtung<\/strong><\/p><p>Es gibt keinen speziellen Bereich der Fotografie, dem ich mich verschrieben habe, alles ist irgendwie eine neue Herausforderung.<br>Meine Leidenschaft ist die Event- und Sportfotografie sowie Modelle aus Stahl (Autos), alles im Bereich Technik (Industrie und Br\u00fccken) und Licht in der Dunkelheit (Feuerwerk; Neonreklame und seit neustem HDR-Fotografie)<br>Aber wie schon gesagt, ich versuche von allem und jeden gute Fotografien zu erstellen.<\/p><p>Die Fotos zeige ich Euch in regelm\u00e4\u00dfigen Abst\u00e4nden hier auf der Seite.<\/p><p>Viele Gr\u00fc\u00dfe<\/p><p>Christian<\/p>\n<img src=\"http:\/\/foxphoto.de\/wp-content\/uploads\/2020\/07\/C_Fuchs_in_Aktion.jpg\" width=\"300\" height=\"450\" alt=\"C-Fuchs in Aktion\">\n<h3>Wenn Sie mit mir Kontakt aufnehmen wollen :<\/h3>","_links":{"self":[{"href":"https:\/\/foxphoto.de\/index.php?rest_route=\/wp\/v2\/pages\/5914","targetHints":{"allow":["GET"]}}],"collection":[{"href":"https:\/\/foxphoto.de\/index.php?rest_route=\/wp\/v2\/pages"}],"about":[{"href":"https:\/\/foxphoto.de\/index.php?rest_route=\/wp\/v2\/types\/page"}],"author":[{"embeddable":true,"href":"https:\/\/foxphoto.de\/index.php?rest_route=\/wp\/v2\/users\/1"}],"replies":[{"embeddable":true,"href":"https:\/\/foxphoto.de\/index.php?rest_route=%2Fwp%2Fv2%2Fcomments&post=5914"}],"version-history":[{"count":409,"href":"https:\/\/foxphoto.de\/index.php?rest_route=\/wp\/v2\/pages\/5914\/revisions"}],"predecessor-version":[{"id":6592,"href":"https:\/\/foxphoto.de\/index.php?rest_route=\/wp\/v2\/pages\/5914\/revisions\/6592"}],"wp:attachment":[{"href":"https:\/\/foxphoto.de\/index.php?rest_route=%2Fwp%2Fv2%2Fmedia&parent=5914"}],"curies":[{"name":"wp","href":"https:\/\/api.w.org\/{rel}","templated":true}]}}